{"id":448,"date":"2025-05-29T13:00:36","date_gmt":"2025-05-29T13:00:36","guid":{"rendered":"https:\/\/enriquemarban.com\/nosotros\/"},"modified":"2025-11-12T17:33:17","modified_gmt":"2025-11-12T17:33:17","slug":"nosotros","status":"publish","type":"page","link":"https:\/\/enriquemarban.com\/en\/nosotros\/","title":{"rendered":"Nosotros"},"content":{"rendered":"<section class=\"header_curvy1_30_1 background-1-light\" id=\"\" data-block-id=\"69e3c6d7223d969e3c6d7223da\" data-block-name=\"acf\/header-curvy1-30-1\" data-post-id=\"448\" data-stable-id=\"block_55645f456939d6c4ec874b8491e06bd7\">\r\n    <div class=\"container\">\r\n        <div class=\"row\">\r\n            <div class=\"col\">\r\n                                <h1 class=\"tamano1 color-1-headings-dark\">Nosotros<\/h1>\r\n            <\/div>\r\n        <\/div>\r\n    <\/div>\r\n<\/section>\r\n<style>\r\n    .header_curvy1_30_1 .col .subtitulo {\r\n        text-align: center;\r\n        padding-bottom: 25px;\r\n    }\r\n\r\n    .header_curvy1_30_1 .col h1 {\r\n        text-align: center;\r\n    }\r\n\r\n    .header_curvy1_30_1 .col {\r\n        max-width: 1230px;\r\n        margin: 0 auto;\r\n    }\r\n\r\n    .header_curvy1_30_1 {\r\n        padding: 200px 0 55px 0;\r\n    }\r\n\r\n    @media (max-width:1200px) {\r\n        .header_curvy1_30_1 {\r\n            padding: 120px 0 35px 0;\r\n        }\r\n    }\r\n\r\n    @media (max-width:768px) {\r\n        .header_curvy1_30_1 h1 {\r\n            line-height: var(--tamano3-line-height);\r\n        }\r\n\r\n        .header_curvy1_30_1 {\r\n            padding: 100px 0 40px;\r\n        }\r\n    }\r\n<\/style>\r\n<section class=\"about_curvy1_19_1 background-1-light izquierda\" id=\"\"\r\n    original-block-id=\"block_b0b206c00302e75aec61f1256eb743dd\" data-block-id=\"69e3c6d723adf69e3c6d723ae0\" data-block-name=\"acf\/about-curvy1-19-1\" data-post-id=\"448\" data-stable-id=\"block_b0b206c00302e75aec61f1256eb743dd\">\r\n    <div class=\"container\">\r\n        <div class=\"row\">\r\n            <div class=\"col\">\r\n                <div class=\"imagen\">\r\n                    <img decoding=\"async\" src=\"\" alt=\"Equipo creativo capturando arte y tradici\u00f3n\" title=\"Imagen del equipo creativo de tres personas dedicadas a fusionar tradici\u00f3n cultural y creatividad contempor\u00e1nea en cada obra.\">\r\n                <\/div>\r\n                <div class=\"right\">\r\n                                        <div class=\"subtitulo tamano6-boldcta color-1-headings-dark\">El estudio<\/div>\r\n                    \r\n                                        <h2 class=\"titulo tamano3 color-1-headings-dark\"><span class=\"ez-toc-section\" id=\"Conectando_Tradicion_y_Creatividad_Arte_y_Fotografia_en_Cada_Detalle\"><\/span>Conectando Tradici\u00f3n y Creatividad: Arte y Fotograf\u00eda en Cada Detalle<span class=\"ez-toc-section-end\"><\/span><\/h2>\r\n                    \r\n                                        <div class=\"texto color-1-body-dark tamano7\" data-desactivar-leer-mas=\"0\">\r\n                        <span class=\"texto-corto\"><\/span>\r\n                        <span class=\"texto-completo\" style=\"display: none;\"><p>En Artesan, somos un equipo apasionado por la creatividad y el arte. Formamos un tr\u00edo din\u00e1mico: Laura Mart\u00ednez, Javier L\u00f3pez y Carmen R\u00edos. Laura y Javier son fot\u00f3grafos con una habilidad excepcional para capturar la esencia de cada momento, mientras que Carmen, dise\u00f1adora y artista pl\u00e1stica, aporta una visi\u00f3n \u00fanica y detallada en cada pieza que creamos.<\/p>\n<p>Nuestra misi\u00f3n es fusionar la tradici\u00f3n con la innovaci\u00f3n, ofreciendo productos artesanales que reflejan tanto el patrimonio cultural como la creatividad contempor\u00e1nea. Trabajamos con dedicaci\u00f3n y precisi\u00f3n para asegurar que cada proyecto sea una obra de arte \u00fanica.<\/p>\n<p>Creemos en el poder del arte para contar historias y crear conexiones significativas. En Artesan, cada obra es una manifestaci\u00f3n de nuestro compromiso con la calidad, la autenticidad y la belleza. \u00a1Gracias por acompa\u00f1arnos en este viaje creativo!<\/p><\/span>\r\n                    <\/div>\r\n                    <div class=\"vermas tamano7 boton-4-texto-normal\">\r\n                        <span class=\"mas tamano7 boton-4-texto-normal\">Read more<\/span>\r\n                        <span class=\"menos hide tamano7 boton-4-texto-normal\">Read less<\/span>\r\n                        <svg width=\"13\" height=\"13\" viewBox=\"0 0 13 8\" fill=\"none\"\r\n                            xmlns=\"http:\/\/www.w3.org\/2000\/svg\">\r\n                            <path id=\"Vector 14\" d=\"M1 1L6.5 6.5L12 1\" stroke=\"#2B275C\" stroke-width=\"1.5\" \/>\r\n                        <\/svg>\r\n                    <\/div>\r\n                    \r\n                                    <\/div>\r\n            <\/div>\r\n        <\/div>\r\n    <\/div>\r\n<\/section>\r\n<style>\r\n    .about_curvy1_19_1 .subtitulo {\r\n        padding-bottom: 20px;\r\n    }\r\n\r\n    .about_curvy1_19_1 .vermas svg path {\r\n        stroke: var(--boton-4-texto-normal);\r\n    }\r\n\r\n    .about_curvy1_19_1 .vermas .hide {\r\n        display: none;\r\n    }\r\n\r\n    .about_curvy1_19_1 .vermas.show svg {\r\n        transform: rotate(180deg);\r\n    }\r\n\r\n    .about_curvy1_19_1 .vermas {\r\n        margin-left: 100px;\r\n        margin-top: 20px;\r\n        display: none;\r\n        align-items: center;\r\n        gap: 10px;\r\n        cursor: pointer;\r\n    }\r\n\r\n    .about_curvy1_19_1 .vermas span {\r\n        font-weight: var(--tamano5-font-weight);\r\n    }\r\n\r\n    .about_curvy1_19_1 .right .btn-round {\r\n        margin-left: 100px;\r\n        margin-top: 50px;\r\n    }\r\n\r\n    .about_curvy1_19_1.derecha .right .texto {\r\n        padding-left: 0;\r\n        padding-right: 100px;\r\n    }\r\n\r\n    .about_curvy1_19_1 .right .texto {\r\n        padding-left: 100px\r\n    }\r\n\r\n    .about_curvy1_19_1 .imagen {\r\n        width: 50%;\r\n    }\r\n\r\n    .about_curvy1_19_1 .right {\r\n        width: 50%;\r\n        margin-left: 50px;\r\n    }\r\n\r\n    .about_curvy1_19_1 .right h2 {\r\n        padding-bottom: 45px;\r\n    }\r\n\r\n    .about_curvy1_19_1.derecha .col {\r\n        flex-direction: row-reverse;\r\n    }\r\n\r\n    .about_curvy1_19_1 .col {\r\n        display: flex;\r\n        gap: 30px;\r\n        align-items: center;\r\n    }\r\n\r\n    .about_curvy1_19_1 .btn-round {\r\n        border-radius: 60px;\r\n        padding: 12px 25px;\r\n        display: inline-block;\r\n        min-width: 175px;\r\n        text-align: center;\r\n        text-decoration: none;\r\n    }\r\n\r\n\r\n    .about_curvy1_19_1 .right .texto *:last-child {\r\n        padding-bottom: 0;\r\n    }\r\n\r\n    .about_curvy1_19_1 .right .texto .texto-corto {\r\n        padding-bottom: 0 !important;\r\n    }\r\n\r\n    .about_curvy1_19_1 .right .texto * {\r\n        padding-bottom: 20px;\r\n        font-size: inherit;\r\n        font-weight: inherit;\r\n        line-height: inherit;\r\n        letter-spacing: inherit;\r\n        font-family: inherit;\r\n    }\r\n\r\n\r\n     .about_curvy1_19_1 img {\r\n        border-radius: 30px;\r\n    }\r\n\r\n     .about_curvy1_19_1 {\r\n        padding: 81px 0;\r\n        margin-top: -1px;\r\n    }\r\n\r\n    @media (max-width:1300px) {\r\n        .about_curvy1_19_1 .col {\r\n            gap: 30px;\r\n        }\r\n\r\n        .about_curvy1_19_1 .right {\r\n            padding-top: 0;\r\n        }\r\n    }\r\n\r\n    @media (max-width:1200px) {\r\n        .about_curvy1_19_1.derecha .col {\r\n            flex-direction: column;\r\n        }\r\n\r\n        .about_curvy1_19_1 .imagen {\r\n            width: 100%;\r\n        }\r\n\r\n        .about_curvy1_19_1 .col {\r\n            flex-direction: column;\r\n        }\r\n\r\n        .about_curvy1_19_1 .right {\r\n            max-width: 100%;\r\n            width: 100%;\r\n            margin: 0;\r\n        }\r\n\r\n        .about_curvy1_19_1 .subtitulo {\r\n            padding-bottom: 15px;\r\n        }\r\n\r\n        .about_curvy1_19_1 .right h2 {\r\n            padding-bottom: 15px;\r\n        }\r\n\r\n        .about_curvy1_19_1 .right .texto {\r\n            padding-left: 60px;\r\n        }\r\n\r\n        .about_curvy1_19_1.derecha .right .texto {\r\n            padding-right: 0;\r\n            padding-left: 60px;\r\n        }\r\n\r\n        .about_curvy1_19_1 .right .btn-round,\r\n        .about_curvy1_19_1 .vermas {\r\n            margin-left: 60px;\r\n        }\r\n    }\r\n\r\n    @media (max-width:992px) {\r\n        .about_curvy1_19_1 {\r\n            padding: 40px 0;\r\n        }\r\n    }\r\n\r\n    @media (max-width:768px) {\r\n        .about_curvy1_19_1 h2 {\r\n            line-height: var(--tamano5-line-height);\r\n        }\r\n\r\n        .about_curvy1_19_1 .right h2 {\r\n            padding-bottom: 20px;\r\n        }\r\n\r\n        .about_curvy1_19_1 .col {\r\n            gap: 20px;\r\n        }\r\n\r\n        .about_curvy1_19_1 .vermas {\r\n            margin-top: 20px !important;\r\n        }\r\n\r\n        .about_curvy1_19_1 .right .texto.show {\r\n            padding-bottom: 20px;\r\n        }\r\n\r\n        .about_curvy1_19_1 .right .btn-round {\r\n            margin-top: 20px;\r\n        }\r\n    }\r\n<\/style>\r\n<script>\r\n    jQuery(document).ready(function($) {\r\n        const $instance = $('.about_curvy1_19_1[original-block-id=\"block_b0b206c00302e75aec61f1256eb743dd\"]');\r\n\r\n        if (!$instance.length) return;\r\n\r\n        const CONFIG_AC191 = {\r\n            limites: {\r\n                mobile: 200,\r\n                desktop: 600\r\n            },\r\n            breakpoint: 992\r\n        };\r\n\r\n        function truncarTextoEnUltimaPalabraAC191(texto, limite) {\r\n            if (texto.length <= limite) return texto;\r\n            const cortado = texto.substring(0, limite);\r\n            const ultimoEspacio = cortado.lastIndexOf(' ');\r\n            return (ultimoEspacio > limite * 0.8 ? cortado.substring(0, ultimoEspacio) : cortado) + '...';\r\n        }\r\n\r\n        function truncarHTMLAC191(html, limite) {\r\n            const $temp = $('<div>').html(html);\r\n            let chars = 0,\r\n                resultado = '';\r\n\r\n            function procesarNodoAC191(nodo) {\r\n                if (chars >= limite) return false;\r\n\r\n                if (nodo.nodeType === 3) {\r\n                    const texto = nodo.textContent || '';\r\n                    if (chars + texto.length <= limite) {\r\n                        resultado += texto;\r\n                        chars += texto.length;\r\n                    } else {\r\n                        resultado += truncarTextoEnUltimaPalabraAC191(texto, limite - chars);\r\n                        chars = limite;\r\n                        return false;\r\n                    }\r\n                } else if (nodo.nodeType === 1) {\r\n                    const $elem = $(nodo);\r\n                    const tag = nodo.tagName.toLowerCase();\r\n                    const textoElem = $elem.text();\r\n\r\n                    if (chars + textoElem.length <= limite) {\r\n                        resultado += $('<div>').append($elem.clone()).html();\r\n                        chars += textoElem.length;\r\n                    } else {\r\n                        const attrs = Array.from(nodo.attributes).map(a =>\r\n                            a.name + '=\"' + (a.value || '').replace(\/\"\/g, '&quot;') + '\"'\r\n                        ).join(' ');\r\n                        resultado += '<' + tag + (attrs ? ' ' + attrs : '') + '>';\r\n\r\n                        $elem.contents().each(function() {\r\n                            return procesarNodoAC191(this);\r\n                        });\r\n\r\n                        resultado += '<\/' + tag + '>';\r\n                        return false;\r\n                    }\r\n                }\r\n                return true;\r\n            }\r\n\r\n            $temp.contents().each(function() {\r\n                return procesarNodoAC191(this);\r\n            });\r\n\r\n            return resultado || truncarTextoEnUltimaPalabraAC191($temp.text(), limite);\r\n        }\r\n\r\n        function aplicarTruncadoAC191() {\r\n            $instance.find('.texto-completo').each(function() {\r\n                const $completo = $(this);\r\n                if ($completo.is(':visible')) return;\r\n\r\n                const $texto = $completo.closest('.texto');\r\n                const $corto = $completo.siblings('.texto-corto');\r\n                const $vermas = $texto.siblings('.vermas');\r\n\r\n                if (!$corto.length) return;\r\n\r\n                const html = $completo.html() || '';\r\n                const textoPlano = $completo.text() || '';\r\n                const esMobile = $(window).width() <= CONFIG_AC191.breakpoint;\r\n                const limite = esMobile ? CONFIG_AC191.limites.mobile : CONFIG_AC191.limites.desktop;\r\n                const desactivado = $texto.attr('data-desactivar-leer-mas') === '1';\r\n\r\n                if (desactivado) {\r\n                    if (!esMobile) {\r\n                        $corto.html(html).show();\r\n                        $vermas.hide();\r\n                        return;\r\n                    }\r\n                }\r\n\r\n                if (textoPlano.length > limite) {\r\n                    $corto.html(truncarHTMLAC191(html, limite)).show();\r\n                    $vermas.css('display', 'flex');\r\n                } else {\r\n                    $corto.html(html).show();\r\n                    $vermas.hide();\r\n                }\r\n            });\r\n        }\r\n\r\n        aplicarTruncadoAC191();\r\n        $(window).on('resize', aplicarTruncadoAC191);\r\n\r\n        $instance.on('click', '.vermas', function() {\r\n            const $btn = $(this);\r\n            const $texto = $btn.siblings('.texto');\r\n            const $corto = $texto.find('.texto-corto');\r\n            const $completo = $texto.find('.texto-completo');\r\n\r\n            if ($corto.is(':visible')) {\r\n                $corto.hide();\r\n                $completo.show();\r\n                $btn.addClass('show');\r\n            } else {\r\n                $completo.hide();\r\n                aplicarTruncadoAC191();\r\n                $btn.removeClass('show');\r\n            }\r\n\r\n            $btn.find('span').toggleClass('hide');\r\n        });\r\n    });\r\n<\/script>\r\n<section class=\"cta_curvy1_3_1_2 background-1-light\" id=\"\" data-block-id=\"69e3c6d725ada69e3c6d725adb\" data-block-name=\"acf\/cta-curvy1-3-1-2\" data-post-id=\"448\" data-stable-id=\"block_c4947b7b87ad9e34489bb370a58eecdf\">\r\n    <div class=\"container\">\r\n        <div class=\"row\">\r\n            <div class=\"col\">\r\n                <div class=\"inner background-1-dark\">\r\n                                        <div class=\"titulo\">\r\n                        <h2 class=\"tamano3 color-2-headings-light\"><span class=\"ez-toc-section\" id=\"Reserva_una_cita\"><\/span>Reserva una cita<span class=\"ez-toc-section-end\"><\/span><\/h2>\r\n                    <\/div>\r\n                                                            <div class=\"texto color-2-body-light tamano7\"><p>Creamos espacios \u00fanicos que fusionan dise\u00f1o, naturaleza y emoci\u00f3n. Descubre casas y proyectos p\u00fablicos con car\u00e1cter po\u00e9tico e innovador.<\/p>\n<\/div>\r\n                                                                <div class=\"ctas\">\r\n                                                            <a href=\"https:\/\/enriquemarban.com\/contacto\/\" target=\"\" class=\"btn-round tamano-7-mediumcta color-boton-3-texto-normal color-boton-3-texto-hover color-boton-3-normal color-boton-3-hover\">\r\n    \r\n    <span>Contacto<\/span>\r\n<\/a>\r\n\r\n<style>\r\n    .btn-border-rounded {\r\n        border-radius: 12px !important;\r\n    }\r\n\r\n    .btn-border-square {\r\n        border-radius: 0 !important;\r\n    }\r\n\r\n    \/* Estilos de hover *\/\r\n    .btn-hover-hover1:hover {\r\n        filter: contrast(0.55);\r\n    }\r\n\r\n    .btn-hover-hover2:hover {\r\n        filter: sepia(2);\r\n    }\r\n\r\n    \/* Estilos del icono cuando existe *\/\r\n    a i {\r\n        margin-right: 8px;\r\n        font-size: 16px;\r\n    }\r\n\r\n    \/* Icono Lucide *\/\r\n    .btn-icon--lucide {\r\n        display: inline-flex;\r\n        align-items: center;\r\n        justify-content: center;\r\n        margin-right: 8px;\r\n    }\r\n\r\n    .btn-icon--lucide svg {\r\n        width: 16px;\r\n        height: 16px;\r\n        display: block;\r\n    }\r\n<\/style>\r\n                                                    <\/div>\r\n                                    <\/div>\r\n            <\/div>\r\n        <\/div>\r\n    <\/div>\r\n<\/section>\r\n<style>\r\n    .cta_curvy1_3_1_2 .inner {\r\n        display: flex;\r\n        gap: 30px;\r\n        border-radius: 30px;\r\n        align-items: center;\r\n        padding: 55px 150px;\r\n        justify-content: space-between;\r\n    }\r\n\r\n     .cta_curvy1_3_1_2 .titulo {\r\n        max-width: 430px;\r\n        width: 100%;\r\n    }\r\n\r\n    .cta_curvy1_3_1_2 .texto {\r\n        max-width: 660px;\r\n        text-align: left;\r\n        width: 100%;\r\n    }\r\n\r\n    .cta_curvy1_3_1_2 {\r\n        padding: 80px 0;\r\n        position: relative;\r\n    }\r\n\r\n    .cta_curvy1_3_1_2 .btn-round {\r\n        border-radius: 60px;\r\n        padding: 15px 30px;\r\n        display: inline-block;\r\n        text-align: center;\r\n        transition: all ease .3s;\r\n        text-decoration: none;\r\n        min-width: 278px;\r\n        display: flex;\r\n        align-items: center;\r\n        justify-content: center;\r\n    }\r\n\r\n    @media (max-width:1750px) {\r\n        .cta_curvy1_3_1_2 .texto {\r\n            max-width: 500px;\r\n        }\r\n    }\r\n\r\n    @media (max-width:1600px) {\r\n        .cta_curvy1_3_1_2 .inner {\r\n            padding-left: 50px;\r\n            padding-right: 50px;\r\n        }\r\n    }\r\n\r\n    @media (max-width:1400px) {\r\n        .cta_curvy1_3_1_2 .texto {\r\n            max-width: 100%;\r\n        }\r\n\r\n        .cta_curvy1_3_1_2 .titulo {\r\n            width: 100%;\r\n        }\r\n    }\r\n\r\n    @media (max-width:1200px) {\r\n        .cta_curvy1_3_1_2 .inner {\r\n            padding-left: 15px;\r\n            padding-right: 15px;\r\n        }\r\n    }\r\n\r\n    @media (max-width:992px) {\r\n        .cta_curvy1_3_1_2 .col .inner {\r\n            border-radius: 30px;\r\n            flex-direction: column;\r\n            align-items: center;\r\n            justify-content: center;\r\n        }\r\n\r\n         .cta_curvy1_3_1_2 .col .inner>* {\r\n            width: 100%;\r\n            max-width: 100%;\r\n            text-align: left;\r\n        }\r\n\r\n        .cta_curvy1_3_1_2 .inner {\r\n            padding: 33px 23px;\r\n        }\r\n\r\n        .cta_curvy1_3_1_2 .col .ctas {\r\n            display: flex;\r\n            align-items: center;\r\n            justify-content: start;\r\n        }\r\n\r\n        .cta_curvy1_3_1_2 .col {\r\n            flex-direction: column;\r\n            justify-content: center;\r\n            align-items: center;\r\n        }\r\n\r\n        .cta_curvy1_3_1_2 {\r\n            padding: 40px 0;\r\n        }\r\n\r\n        .cta_curvy1_3_1_2 .btn-round {\r\n            min-width: 240px\r\n        }\r\n\r\n        .cta_curvy1_3_1_2 .titulo h2 {\r\n            line-height: var(--tamano5-line-height);\r\n        }\r\n    }\r\n<\/style>\r\n","protected":false},"excerpt":{"rendered":"","protected":false},"author":1,"featured_media":0,"parent":0,"menu_order":38,"comment_status":"open","ping_status":"closed","template":"","meta":{"_acf_changed":false,"iawp_total_views":1,"footnotes":""},"class_list":["post-448","page","type-page","status-publish","hentry"],"acf":[],"yoast_head":"<!-- This site is optimized with the Yoast SEO plugin v27.4 - https:\/\/yoast.com\/product\/yoast-seo-wordpress\/ -->\n<title>Nosotros - ENRIQUE MARB\u00c1N<\/title>\n<meta name=\"robots\" content=\"index, follow, max-snippet:-1, max-image-preview:large, max-video-preview:-1\" \/>\n<link rel=\"canonical\" href=\"https:\/\/enriquemarban.com\/en\/nosotros\/\" \/>\n<meta property=\"og:locale\" content=\"en_US\" \/>\n<meta property=\"og:type\" content=\"article\" \/>\n<meta property=\"og:title\" content=\"Nosotros - ENRIQUE MARB\u00c1N\" \/>\n<meta property=\"og:url\" content=\"https:\/\/enriquemarban.com\/en\/nosotros\/\" \/>\n<meta property=\"og:site_name\" content=\"ENRIQUE MARB\u00c1N\" \/>\n<meta property=\"article:modified_time\" content=\"2025-11-12T17:33:17+00:00\" \/>\n<meta name=\"twitter:card\" content=\"summary_large_image\" \/>\n<!-- \/ Yoast SEO plugin. -->","yoast_head_json":{"title":"Nosotros - ENRIQUE MARB\u00c1N","robots":{"index":"index","follow":"follow","max-snippet":"max-snippet:-1","max-image-preview":"max-image-preview:large","max-video-preview":"max-video-preview:-1"},"canonical":"https:\/\/enriquemarban.com\/en\/nosotros\/","og_locale":"en_US","og_type":"article","og_title":"Nosotros - ENRIQUE MARB\u00c1N","og_url":"https:\/\/enriquemarban.com\/en\/nosotros\/","og_site_name":"ENRIQUE MARB\u00c1N","article_modified_time":"2025-11-12T17:33:17+00:00","twitter_card":"summary_large_image","schema":{"@context":"https:\/\/schema.org","@graph":[{"@type":"WebPage","@id":"https:\/\/enriquemarban.com\/en\/nosotros\/","url":"https:\/\/enriquemarban.com\/en\/nosotros\/","name":"Nosotros - ENRIQUE MARB\u00c1N","isPartOf":{"@id":"https:\/\/enriquemarban.com\/en\/#website"},"datePublished":"2025-05-29T13:00:36+00:00","dateModified":"2025-11-12T17:33:17+00:00","breadcrumb":{"@id":"https:\/\/enriquemarban.com\/en\/nosotros\/#breadcrumb"},"inLanguage":"en-US","potentialAction":[{"@type":"ReadAction","target":["https:\/\/enriquemarban.com\/en\/nosotros\/"]}]},{"@type":"BreadcrumbList","@id":"https:\/\/enriquemarban.com\/en\/nosotros\/#breadcrumb","itemListElement":[{"@type":"ListItem","position":1,"name":"Portada","item":"https:\/\/enriquemarban.com\/en\/"},{"@type":"ListItem","position":2,"name":"Nosotros"}]},{"@type":"WebSite","@id":"https:\/\/enriquemarban.com\/en\/#website","url":"https:\/\/enriquemarban.com\/en\/","name":"ENRIQUE MARB\u00c1N","description":"","publisher":{"@id":"https:\/\/enriquemarban.com\/en\/#organization"},"potentialAction":[{"@type":"SearchAction","target":{"@type":"EntryPoint","urlTemplate":"https:\/\/enriquemarban.com\/en\/?s={search_term_string}"},"query-input":{"@type":"PropertyValueSpecification","valueRequired":true,"valueName":"search_term_string"}}],"inLanguage":"en-US"},{"@type":"Organization","@id":"https:\/\/enriquemarban.com\/en\/#organization","name":"ENRIQUE MARB\u00c1N","url":"https:\/\/enriquemarban.com\/en\/","logo":{"@type":"ImageObject","inLanguage":"en-US","@id":"https:\/\/enriquemarban.com\/en\/#\/schema\/logo\/image\/","url":"https:\/\/enriquemarban.com\/wp-content\/uploads\/2025\/05\/68382dca8a740_LOGO-NEGRO.png","contentUrl":"https:\/\/enriquemarban.com\/wp-content\/uploads\/2025\/05\/68382dca8a740_LOGO-NEGRO.png","width":2021,"height":414,"caption":"ENRIQUE MARB\u00c1N"},"image":{"@id":"https:\/\/enriquemarban.com\/en\/#\/schema\/logo\/image\/"}}]}},"_links":{"self":[{"href":"https:\/\/enriquemarban.com\/en\/wp-json\/wp\/v2\/pages\/448","targetHints":{"allow":["GET"]}}],"collection":[{"href":"https:\/\/enriquemarban.com\/en\/wp-json\/wp\/v2\/pages"}],"about":[{"href":"https:\/\/enriquemarban.com\/en\/wp-json\/wp\/v2\/types\/page"}],"author":[{"embeddable":true,"href":"https:\/\/enriquemarban.com\/en\/wp-json\/wp\/v2\/users\/1"}],"replies":[{"embeddable":true,"href":"https:\/\/enriquemarban.com\/en\/wp-json\/wp\/v2\/comments?post=448"}],"version-history":[{"count":5,"href":"https:\/\/enriquemarban.com\/en\/wp-json\/wp\/v2\/pages\/448\/revisions"}],"predecessor-version":[{"id":1240,"href":"https:\/\/enriquemarban.com\/en\/wp-json\/wp\/v2\/pages\/448\/revisions\/1240"}],"wp:attachment":[{"href":"https:\/\/enriquemarban.com\/en\/wp-json\/wp\/v2\/media?parent=448"}],"curies":[{"name":"wp","href":"https:\/\/api.w.org\/{rel}","templated":true}]}}